{"id":2329,"date":"2022-03-23T15:20:40","date_gmt":"2022-03-23T14:20:40","guid":{"rendered":"http:\/\/canalissimo.fr\/?page_id=2329"},"modified":"2024-04-23T16:19:46","modified_gmt":"2024-04-23T15:19:46","slug":"samedi","status":"publish","type":"page","link":"https:\/\/canalissimo.fr\/index.php\/samedi\/","title":{"rendered":"Samedi"},"content":{"rendered":"\t\t<div data-elementor-type=\"wp-page\" data-elementor-id=\"2329\" class=\"elementor elementor-2329\">\n\t\t\t\t\t\t<section class=\"elementor-section elementor-top-section elementor-element elementor-element-5dd2bfa elementor-section-full_width elementor-section-height-default elementor-section-height-default\" data-id=\"5dd2bfa\" data-element_type=\"section\" data-settings=\"{&quot;background_background&quot;:&quot;classic&quot;}\">\n\t\t\t\t\t\t<div class=\"elementor-container elementor-column-gap-default\">\n\t\t\t\t\t<div class=\"elementor-column elementor-col-100 elementor-top-column elementor-element elementor-element-e2fe771\" data-id=\"e2fe771\" data-element_type=\"column\">\n\t\t\t<div class=\"elementor-widget-wrap elementor-element-populated\">\n\t\t\t\t\t\t<div class=\"elementor-element elementor-element-f45dbe3 elementor-tabs-view-horizontal elementor-widget elementor-widget-tabs\" data-id=\"f45dbe3\" data-element_type=\"widget\" data-widget_type=\"tabs.default\">\n\t\t\t\t<div class=\"elementor-widget-container\">\n\t\t\t\t\t\t\t<div class=\"elementor-tabs\">\n\t\t\t<div class=\"elementor-tabs-wrapper\" role=\"tablist\" >\n\t\t\t\t\t\t\t\t\t<div id=\"elementor-tab-title-2561\" class=\"elementor-tab-title elementor-tab-desktop-title\" aria-selected=\"true\" data-tab=\"1\" role=\"tab\" tabindex=\"0\" aria-controls=\"elementor-tab-content-2561\" aria-expanded=\"false\">Pe\u00f1a Los Festeja\u00efres<\/div>\n\t\t\t\t\t\t\t\t\t<div id=\"elementor-tab-title-2562\" class=\"elementor-tab-title elementor-tab-desktop-title\" aria-selected=\"false\" data-tab=\"2\" role=\"tab\" tabindex=\"-1\" aria-controls=\"elementor-tab-content-2562\" aria-expanded=\"false\">Amazing Georges<\/div>\n\t\t\t\t\t\t\t\t\t<div id=\"elementor-tab-title-2563\" class=\"elementor-tab-title elementor-tab-desktop-title\" aria-selected=\"false\" data-tab=\"3\" role=\"tab\" tabindex=\"-1\" aria-controls=\"elementor-tab-content-2563\" aria-expanded=\"false\">Timbrement v\u00f4tre<\/div>\n\t\t\t\t\t\t\t\t\t<div id=\"elementor-tab-title-2564\" class=\"elementor-tab-title elementor-tab-desktop-title\" aria-selected=\"false\" data-tab=\"4\" role=\"tab\" tabindex=\"-1\" aria-controls=\"elementor-tab-content-2564\" aria-expanded=\"false\">Broglii<\/div>\n\t\t\t\t\t\t\t\t\t<div id=\"elementor-tab-title-2565\" class=\"elementor-tab-title elementor-tab-desktop-title\" aria-selected=\"false\" data-tab=\"5\" role=\"tab\" tabindex=\"-1\" aria-controls=\"elementor-tab-content-2565\" aria-expanded=\"false\">Les Vrill\u00e9s<\/div>\n\t\t\t\t\t\t\t<\/div>\n\t\t\t<div class=\"elementor-tabs-content-wrapper\" role=\"tablist\" aria-orientation=\"vertical\">\n\t\t\t\t\t\t\t\t\t<div class=\"elementor-tab-title elementor-tab-mobile-title\" aria-selected=\"true\" data-tab=\"1\" role=\"tab\" tabindex=\"0\" aria-controls=\"elementor-tab-content-2561\" aria-expanded=\"false\">Pe\u00f1a Los Festeja\u00efres<\/div>\n\t\t\t\t\t<div id=\"elementor-tab-content-2561\" class=\"elementor-tab-content elementor-clearfix\" data-tab=\"1\" role=\"tabpanel\" aria-labelledby=\"elementor-tab-title-2561\" tabindex=\"0\" hidden=\"false\"><h1>Concert de rue : Pe\u00f1a Los Festeja\u00efres\u00a0&#8211; 10h30 \u00e0 20h00 &#8211; D\u00e9ambulation puis \u00e9cluse.<\/h1><p>A la grande \u00e9poque, dans les ann\u00e9es 50, o\u00f9 les industries du Bousquet d\u2019Orb, dans les Hauts Cantons H\u00e9raultais, \u00e9taient florissantes, une fanfare nomm\u00e9e l\u2019Ind\u00e9pendante, dot\u00e9e de plus de 70 musiciens, tournait \u00e0 plein r\u00e9gime. Epaul\u00e9e par la verrerie et les mines, cette soci\u00e9t\u00e9 musicale repr\u00e9sentait le Bousquet d\u2019Orb partout en France dans divers festivals.<\/p><p>Puis la verrerie et la mine ont ferm\u00e9, entra\u00eenant l\u2019extinction de la fanfare.<\/p><p>En mai 2000, pour le carnaval du village, six anciens musiciens de la fanfare ont \u00e9t\u00e9 sollicit\u00e9s pour sortir leurs instruments poussi\u00e9reux\u2026 En deux temps trois mouvements la fanfare l\u2019ind\u00e9pendante \u00e9tait repartie. Le programme a \u00e9volu\u00e9 avec un r\u00e9pertoire sp\u00e9cial carnaval, bodega et feria. La \u00ab Pe\u00f1a Los Festejaires \u00bb venait de na\u00eetre.<\/p><p>Actuellement 25 musiciens de 25 \u00e0 85 ans, tous b\u00e9n\u00e9voles, sont r\u00e9unis dans un m\u00eame but : faire de la musique dans une ambiance de copains.<\/p><p><strong><img fetchpriority=\"high\" decoding=\"async\" class=\"alignnone size-full wp-image-3617\" src=\"http:\/\/canalissimo.fr\/wp-content\/uploads\/2024\/04\/1212-Festa.jpg\" alt=\"\" width=\"1212\" height=\"960\" srcset=\"https:\/\/canalissimo.fr\/wp-content\/uploads\/2024\/04\/1212-Festa.jpg 1212w, https:\/\/canalissimo.fr\/wp-content\/uploads\/2024\/04\/1212-Festa-300x238.jpg 300w, https:\/\/canalissimo.fr\/wp-content\/uploads\/2024\/04\/1212-Festa-1024x811.jpg 1024w, https:\/\/canalissimo.fr\/wp-content\/uploads\/2024\/04\/1212-Festa-768x608.jpg 768w, https:\/\/canalissimo.fr\/wp-content\/uploads\/2024\/04\/1212-Festa-1000x792.jpg 1000w, https:\/\/canalissimo.fr\/wp-content\/uploads\/2024\/04\/1212-Festa-230x182.jpg 230w, https:\/\/canalissimo.fr\/wp-content\/uploads\/2024\/04\/1212-Festa-350x277.jpg 350w, https:\/\/canalissimo.fr\/wp-content\/uploads\/2024\/04\/1212-Festa-480x380.jpg 480w\" sizes=\"(max-width: 1212px) 100vw, 1212px\" \/><\/strong><\/p><\/div>\n\t\t\t\t\t\t\t\t\t<div class=\"elementor-tab-title elementor-tab-mobile-title\" aria-selected=\"false\" data-tab=\"2\" role=\"tab\" tabindex=\"-1\" aria-controls=\"elementor-tab-content-2562\" aria-expanded=\"false\">Amazing Georges<\/div>\n\t\t\t\t\t<div id=\"elementor-tab-content-2562\" class=\"elementor-tab-content elementor-clearfix\" data-tab=\"2\" role=\"tabpanel\" aria-labelledby=\"elementor-tab-title-2562\" tabindex=\"0\" hidden=\"hidden\"><h1>Clown de rue : Amazing Georges &#8211; 11h00 &#8211; Village, esplanade des Troubadours.<\/h1><p>Avec Amazing Georges, il faut\u00a0s&rsquo;attendre\u00a0\u00e0 tout ! Sa magie bluffante, ses exploits, ses gags et ses impros, il d\u00e9clenche in\u00e9vitablement, l&rsquo;\u00e9tonnement, l&rsquo;\u00e9motion et les rires. A la fois, mime, magicien, clown, sans un\u00a0mot il\u00a0entre\u00a0en interaction avec tous\u00a0les publics !<\/p><p>Il\u00a0s&rsquo;\u00e9clate, on s&rsquo;\u00e9clate\u00a0: rires garantis !<\/p><div><\/div><\/div>\n\t\t\t\t\t\t\t\t\t<div class=\"elementor-tab-title elementor-tab-mobile-title\" aria-selected=\"false\" data-tab=\"3\" role=\"tab\" tabindex=\"-1\" aria-controls=\"elementor-tab-content-2563\" aria-expanded=\"false\">Timbrement v\u00f4tre<\/div>\n\t\t\t\t\t<div id=\"elementor-tab-content-2563\" class=\"elementor-tab-content elementor-clearfix\" data-tab=\"3\" role=\"tabpanel\" aria-labelledby=\"elementor-tab-title-2563\" tabindex=\"0\" hidden=\"hidden\"><h1>Th\u00e9\u00e2tre de rue : Timbrement v\u00f4tre &#8211; 17h00 &#8211; Village, pr\u00e9au \u00e9cole.<\/h1><p>\u00ab\u00a0Timbrement v\u00f4tre\u00a0\u00bb\u00a0est\u00a0un duo burlesque et acrobatique engag\u00e9,\u00a0qui traite de l&rsquo;importance d&rsquo;\u00e9crire des lettres\u00a0et d&rsquo;en recevoir\u2026\u00a0\u00a0Une escalade de 50 minutes qui m\u00eale cirque, humour physique et th\u00e9\u00e2tre. Dans un bureau de poste qui prend la poussi\u00e8re, deux employ\u00e9s se d\u00e9solent de ne plus avoir de lettres \u00e0 relever, trier, tamponner, distribuer&#8230; Sur fond de nostalgie d&rsquo;un pass\u00e9 o\u00f9 pour s\u00e9duire l&rsquo;\u00eatre aim\u00e9 on envoyait des mots enflamm\u00e9s, et d&rsquo;un regard critique sur les nouvelles technologies de communication, nos deux personnages vont se d\u00e9mener pour \u00e9crire une lettre passionn\u00e9e avec le public ! S\u2019en suivra une dr\u00f4le d\u2019ascension vers la bo\u00eete aux lettres\u2026<\/p><div><\/div><\/div>\n\t\t\t\t\t\t\t\t\t<div class=\"elementor-tab-title elementor-tab-mobile-title\" aria-selected=\"false\" data-tab=\"4\" role=\"tab\" tabindex=\"-1\" aria-controls=\"elementor-tab-content-2564\" aria-expanded=\"false\">Broglii<\/div>\n\t\t\t\t\t<div id=\"elementor-tab-content-2564\" class=\"elementor-tab-content elementor-clearfix\" data-tab=\"4\" role=\"tabpanel\" aria-labelledby=\"elementor-tab-title-2564\" tabindex=\"0\" hidden=\"hidden\"><h1>Th\u00e9\u00e2tre de rue : Broglii &#8211; 18h30 &#8211; Village, parvis de l&rsquo;\u00e9glise.<\/h1><p>Le principe est clair : c\u2019est en orchestrant dans les rues des \u00ab moments d\u2019intense incompr\u00e9hension \u00bb, que la compagnie Lapin 34 entend contrecarrer la pression du monde&#8230;<\/p><p>Inspir\u00e9 de la BD Imbroglio de Lewis Trondheim, Broglii joue dans l\u2019espace public un huis-clos (plus si clos&#8230;) pour trois personnages machiav\u00e9liques en qu\u00eate de pouvoir. Amour, joie, col\u00e8re et trahison dans des styles pouvant aller de la folie dessin\u00e9e au vaudeville, en passant par l\u2019emphase de la trag\u00e9die grecque et l\u2019ultra-violence Tarentinesque. Aux spectateurs, \u00e0 chaque fois, de choisir leurs styles pr\u00e9f\u00e9r\u00e9s. Et d\u2019\u00e9prouver la joie lib\u00e9ratrice du rire devant l\u2019absurde.<\/p><div><\/div><\/div>\n\t\t\t\t\t\t\t\t\t<div class=\"elementor-tab-title elementor-tab-mobile-title\" aria-selected=\"false\" data-tab=\"5\" role=\"tab\" tabindex=\"-1\" aria-controls=\"elementor-tab-content-2565\" aria-expanded=\"false\">Les Vrill\u00e9s<\/div>\n\t\t\t\t\t<div id=\"elementor-tab-content-2565\" class=\"elementor-tab-content elementor-clearfix\" data-tab=\"5\" role=\"tabpanel\" aria-labelledby=\"elementor-tab-title-2565\" tabindex=\"0\" hidden=\"hidden\"><h1>Concert sc\u00e8ne : Les Vrill\u00e9s &#8211; 21h30 &#8211; Ecluse.<\/h1><p>Parce que le groupe est constitu\u00e9 d\u2019une bande de potes qui devient carr\u00e9ment folle une fois l\u00e2ch\u00e9e sur sc\u00e8ne, le nom \u00ab les Vrill\u00e9s \u00bb repr\u00e9sente l\u2019\u00e9nergie et la fougue de ces 8 musiciens bretons.<\/p><p>Kilts, \u00e9nergie d\u00e9bordante, bonne humeur partag\u00e9e, guitares \u00e9lectris\u00e9es, bombarde et cornemuses endiabl\u00e9es : voil\u00e0 la recette de ces artistes d\u00e9brid\u00e9s !<\/p><p>Ils partagent un lien direct tr\u00e8s fort avec le public et n\u2019h\u00e9sitent pas \u00e0 inviter de nombreux copains musiciens \u00e0 les rejoindre sur sc\u00e8ne.<\/p><p>Avec les Vrill\u00e9s, vous avalerez un grand bol d\u2019eau sal\u00e9e, par les oreilles, \u00e0 la mode bretonne !<\/p><p>Soyez vigilants, les chiens sont l\u00e2ch\u00e9s !!!<\/p><p><img decoding=\"async\" class=\"alignnone size-full wp-image-3630\" src=\"http:\/\/canalissimo.fr\/wp-content\/uploads\/2024\/04\/1212vrilles.jpg\" alt=\"\" width=\"1212\" height=\"960\" srcset=\"https:\/\/canalissimo.fr\/wp-content\/uploads\/2024\/04\/1212vrilles.jpg 1212w, https:\/\/canalissimo.fr\/wp-content\/uploads\/2024\/04\/1212vrilles-300x238.jpg 300w, https:\/\/canalissimo.fr\/wp-content\/uploads\/2024\/04\/1212vrilles-1024x811.jpg 1024w, https:\/\/canalissimo.fr\/wp-content\/uploads\/2024\/04\/1212vrilles-768x608.jpg 768w, https:\/\/canalissimo.fr\/wp-content\/uploads\/2024\/04\/1212vrilles-1000x792.jpg 1000w, https:\/\/canalissimo.fr\/wp-content\/uploads\/2024\/04\/1212vrilles-230x182.jpg 230w, https:\/\/canalissimo.fr\/wp-content\/uploads\/2024\/04\/1212vrilles-350x277.jpg 350w, https:\/\/canalissimo.fr\/wp-content\/uploads\/2024\/04\/1212vrilles-480x380.jpg 480w\" sizes=\"(max-width: 1212px) 100vw, 1212px\" \/><\/p><\/div>\n\t\t\t\t\t\t\t<\/div>\n\t\t<\/div>\n\t\t\t\t\t\t<\/div>\n\t\t\t\t<\/div>\n\t\t\t\t\t<\/div>\n\t\t<\/div>\n\t\t\t\t\t<\/div>\n\t\t<\/section>\n\t\t\t\t<\/div>\n\t\t","protected":false},"excerpt":{"rendered":"<p>Pe\u00f1a Los Festeja\u00efres Amazing Georges Timbrement v\u00f4tre Broglii Les Vrill\u00e9s Pe\u00f1a Los Festeja\u00efres Concert de rue : Pe\u00f1a Los Festeja\u00efres\u00a0&#8211; 10h30 \u00e0 20h00 &#8211; D\u00e9ambulation puis \u00e9cluse. A la grande \u00e9poque, dans les ann\u00e9es 50, o\u00f9 les industries du Bousquet [&hellip;]<\/p>\n","protected":false},"author":1,"featured_media":0,"parent":0,"menu_order":0,"comment_status":"closed","ping_status":"closed","template":"elementor_header_footer","meta":{"footnotes":""},"class_list":["post-2329","page","type-page","status-publish","hentry"],"_links":{"self":[{"href":"https:\/\/canalissimo.fr\/index.php\/wp-json\/wp\/v2\/pages\/2329","targetHints":{"allow":["GET"]}}],"collection":[{"href":"https:\/\/canalissimo.fr\/index.php\/wp-json\/wp\/v2\/pages"}],"about":[{"href":"https:\/\/canalissimo.fr\/index.php\/wp-json\/wp\/v2\/types\/page"}],"author":[{"embeddable":true,"href":"https:\/\/canalissimo.fr\/index.php\/wp-json\/wp\/v2\/users\/1"}],"replies":[{"embeddable":true,"href":"https:\/\/canalissimo.fr\/index.php\/wp-json\/wp\/v2\/comments?post=2329"}],"version-history":[{"count":100,"href":"https:\/\/canalissimo.fr\/index.php\/wp-json\/wp\/v2\/pages\/2329\/revisions"}],"predecessor-version":[{"id":3720,"href":"https:\/\/canalissimo.fr\/index.php\/wp-json\/wp\/v2\/pages\/2329\/revisions\/3720"}],"wp:attachment":[{"href":"https:\/\/canalissimo.fr\/index.php\/wp-json\/wp\/v2\/media?parent=2329"}],"curies":[{"name":"wp","href":"https:\/\/api.w.org\/{rel}","templated":true}]}}