{"id":2275,"date":"2022-03-23T11:28:35","date_gmt":"2022-03-23T10:28:35","guid":{"rendered":"http:\/\/canalissimo.fr\/?page_id=2275"},"modified":"2024-04-23T16:12:04","modified_gmt":"2024-04-23T15:12:04","slug":"jeudi","status":"publish","type":"page","link":"https:\/\/canalissimo.fr\/index.php\/jeudi\/","title":{"rendered":"Jeudi"},"content":{"rendered":"\t\t<div data-elementor-type=\"wp-page\" data-elementor-id=\"2275\" class=\"elementor elementor-2275\">\n\t\t\t\t\t\t<section class=\"elementor-section elementor-top-section elementor-element elementor-element-b925010 elementor-section-full_width elementor-section-height-default elementor-section-height-default\" data-id=\"b925010\" data-element_type=\"section\">\n\t\t\t\t\t\t<div class=\"elementor-container elementor-column-gap-default\">\n\t\t\t\t\t<div class=\"elementor-column elementor-col-100 elementor-top-column elementor-element elementor-element-19c669d\" data-id=\"19c669d\" data-element_type=\"column\" data-settings=\"{&quot;background_background&quot;:&quot;classic&quot;}\">\n\t\t\t<div class=\"elementor-widget-wrap elementor-element-populated\">\n\t\t\t\t\t\t<div class=\"elementor-element elementor-element-3b94cb6 elementor-widget elementor-widget-heading\" data-id=\"3b94cb6\" data-element_type=\"widget\" data-widget_type=\"heading.default\">\n\t\t\t\t<div class=\"elementor-widget-container\">\n\t\t\t\t\t<h2 class=\"elementor-heading-title elementor-size-default\">Concert sc\u00e8ne : GN\/AS Gospel - 21h30 - Ecluse.<\/h2>\t\t\t\t<\/div>\n\t\t\t\t<\/div>\n\t\t\t\t<div class=\"elementor-element elementor-element-45ef882 elementor-widget elementor-widget-text-editor\" data-id=\"45ef882\" data-element_type=\"widget\" data-widget_type=\"text-editor.default\">\n\t\t\t\t<div class=\"elementor-widget-container\">\n\t\t\t\t\t\t\t\t\t<p><strong>Un concert de GN\/AS Gospel, c\u2019est un voyage au c\u0153ur du Gospel traditionnel, autour de compositions de son chef de ch\u0153ur, Fred Lewin, et de chants traditionnels afro-am\u00e9ricains.<\/strong><\/p><p><strong>Fred Lewin dirige ce ch\u0153ur, qui se partage entre Montpellier et Al\u00e8s, avec \u00e9nergie depuis sa cr\u00e9ation en 1997. 25 ans de concerts \u00e0 travers la r\u00e9gion, en France et jusqu\u2019en Espagne.<\/strong><\/p><p><strong>Une soir\u00e9e avec GN\/AS Gospel, c\u2019est l\u2019assurance de faire le plein d\u2019\u00e9nergie, d\u2019espoir, de vie et de foi, et se recharger, au travers de chants qui alternent entre \u00e9nergie dense et \u00e9motion vive. Un moment de communion hors du temps, entre ch\u0153ur et audience. Une \u00e9nergie rare, des \u00e9motions, un Gospel traditionnel et actuel\u00a0: une R\u00e9volution pure\u00a0!<\/strong><\/p>\t\t\t\t\t\t\t\t<\/div>\n\t\t\t\t<\/div>\n\t\t\t\t<div class=\"elementor-element elementor-element-d1c02cb elementor-widget elementor-widget-shortcode\" data-id=\"d1c02cb\" data-element_type=\"widget\" data-widget_type=\"shortcode.default\">\n\t\t\t\t<div class=\"elementor-widget-container\">\n\t\t\t\t\t\t\t<div class=\"elementor-shortcode\"><\/div>\n\t\t\t\t\t\t<\/div>\n\t\t\t\t<\/div>\n\t\t\t\t\t<\/div>\n\t\t<\/div>\n\t\t\t\t\t<\/div>\n\t\t<\/section>\n\t\t\t\t<\/div>\n\t\t","protected":false},"excerpt":{"rendered":"<p>Concert sc\u00e8ne : GN\/AS Gospel &#8211; 21h30 &#8211; Ecluse. Un concert de GN\/AS Gospel, c\u2019est un voyage au c\u0153ur du Gospel traditionnel, autour de compositions de son chef de ch\u0153ur, Fred Lewin, et de chants traditionnels afro-am\u00e9ricains. Fred Lewin dirige [&hellip;]<\/p>\n","protected":false},"author":1,"featured_media":0,"parent":0,"menu_order":0,"comment_status":"closed","ping_status":"closed","template":"elementor_header_footer","meta":{"footnotes":""},"class_list":["post-2275","page","type-page","status-publish","hentry"],"_links":{"self":[{"href":"https:\/\/canalissimo.fr\/index.php\/wp-json\/wp\/v2\/pages\/2275","targetHints":{"allow":["GET"]}}],"collection":[{"href":"https:\/\/canalissimo.fr\/index.php\/wp-json\/wp\/v2\/pages"}],"about":[{"href":"https:\/\/canalissimo.fr\/index.php\/wp-json\/wp\/v2\/types\/page"}],"author":[{"embeddable":true,"href":"https:\/\/canalissimo.fr\/index.php\/wp-json\/wp\/v2\/users\/1"}],"replies":[{"embeddable":true,"href":"https:\/\/canalissimo.fr\/index.php\/wp-json\/wp\/v2\/comments?post=2275"}],"version-history":[{"count":30,"href":"https:\/\/canalissimo.fr\/index.php\/wp-json\/wp\/v2\/pages\/2275\/revisions"}],"predecessor-version":[{"id":3696,"href":"https:\/\/canalissimo.fr\/index.php\/wp-json\/wp\/v2\/pages\/2275\/revisions\/3696"}],"wp:attachment":[{"href":"https:\/\/canalissimo.fr\/index.php\/wp-json\/wp\/v2\/media?parent=2275"}],"curies":[{"name":"wp","href":"https:\/\/api.w.org\/{rel}","templated":true}]}}