{"id":1620,"date":"2018-05-28T10:42:05","date_gmt":"2018-05-28T09:42:05","guid":{"rendered":"http:\/\/canalissimo.com\/?page_id=1620"},"modified":"2022-03-24T15:40:49","modified_gmt":"2022-03-24T14:40:49","slug":"mentions-legales","status":"publish","type":"page","link":"https:\/\/canalissimo.fr\/index.php\/mentions-legales\/","title":{"rendered":"Mentions l\u00e9gales"},"content":{"rendered":"\t\t<div data-elementor-type=\"wp-post\" data-elementor-id=\"1620\" class=\"elementor elementor-1620\">\n\t\t\t\t\t\t<section class=\"elementor-section elementor-top-section elementor-element elementor-element-1c946f37 elementor-section-boxed elementor-section-height-default elementor-section-height-default\" data-id=\"1c946f37\" data-element_type=\"section\">\n\t\t\t\t\t\t<div class=\"elementor-container elementor-column-gap-default\">\n\t\t\t\t\t<div class=\"elementor-column elementor-col-100 elementor-top-column elementor-element elementor-element-78fa24fa\" data-id=\"78fa24fa\" data-element_type=\"column\">\n\t\t\t<div class=\"elementor-widget-wrap elementor-element-populated\">\n\t\t\t\t\t\t<div class=\"elementor-element elementor-element-7ace528b elementor-widget elementor-widget-text-editor\" data-id=\"7ace528b\" data-element_type=\"widget\" data-widget_type=\"text-editor.default\">\n\t\t\t\t<div class=\"elementor-widget-container\">\n\t\t\t\t\t\t\t\t\t<p>Site officiel Canalissim\u00d4 : www.canalissimo.fr<\/p><p>Mairie de Portiragnes<br \/>14 Boulevard Fr\u00e9d\u00e9ric Mistral<br \/>34420 Portiragnes<\/p><p>T\u00e9l : 0467909444<br \/>Responsable de la publication : Gwendoline CHAUDOIR Maire de Portiragnes<\/p><p>Responsable des mises en ligne\u00a0: Jean-Louis ROBERT d\u00e9l\u00e9gu\u00e9 communication Mairie<\/p><p>Fabien Voglimaci Responsable communication Mairie<\/p><p>Responsable technique site\u00a0: Eric ARANDA<\/p><p>Conception technique et r\u00e9alisation :<u> Mairie de Portiragnes\u00a0: webmestre@ville-portiragnes.fr<\/u><\/p><p>H\u00e9bergement : OVH<\/p><p><strong>Le contenu <\/strong><\/p><p>Le contenu du site Internet municipal Canalissim\u00d4 est la propri\u00e9t\u00e9 exclusive de la Mairie de PORTIRAGNES.<\/p><p>En application de la loi du 11 mars 1957 (art. 41) et du code de la propri\u00e9t\u00e9 intellectuelle du 1er juillet 1992. Toute reproduction partielle ou totale \u00e0 usage collectif est strictement interdite sans autorisation de la mairie de Portiragnes<\/p><p>Les informations, pictogrammes, photographies, images, textes, s\u00e9quences vid\u00e9o, animations et autres documents pr\u00e9sents sur le site Internet sont prot\u00e9g\u00e9s par le droit de la propri\u00e9t\u00e9 intellectuelle.<\/p><p>Article L 122-4 du Code de la propri\u00e9t\u00e9 intellectuelle indique : \u00ab Toute repr\u00e9sentation ou reproduction int\u00e9grale ou partielle faite sans le consentement de l&rsquo;auteur ou de ses ayants droit ou ayants cause est illicite. Idem pour la traduction, l&rsquo;adaptation ou la transformation, l&rsquo;arrangement ou la reproduction par un art ou un proc\u00e9d\u00e9 quelconque. \u00bb<\/p><p>Ainsi, toute copie illicite du site peut faire l&rsquo;objet de poursuites sur le terrain de la contrefa\u00e7on sanctionn\u00e9e par les articles L 335-2 et suivants du Code de la propri\u00e9t\u00e9 intellectuelle.<\/p><p>La Mairie de Portiragnes s&rsquo;efforce de contr\u00f4ler au mieux la pertinence et la v\u00e9racit\u00e9 des contenus du site Internet. Cependant, la Mairie de Portiragnes ne peut garantir l\u2019abscence de d\u00e9faut, d&rsquo;erreur ou d&rsquo;omission. Le contenue de ce site est destin\u00e9e \u00e0 apporter des indications g\u00e9n\u00e9rales et les mieux actualis\u00e9es possibles sur les sujets trait\u00e9s. La Ville de Portiragnes ne saurait en aucun cas \u00eatre tenue responsable des \u00e9ventuels d\u00e9fauts, erreurs ou omissions existant dans ce site, ni de l&rsquo;utilisation et de l&rsquo;interpr\u00e9tation de l&rsquo;information qu&rsquo;il contient.<\/p><p><strong>Les logotypes<\/strong><\/p><p>Tous les logotypes, (logos) pr\u00e9sent sur le site internet de Canalissim\u00d4 sont la propri\u00e9t\u00e9s de leur d\u00e9tenteur respectif et sont prot\u00e9g\u00e9s par le droit de la propri\u00e9t\u00e9 intellectuelle.<\/p><p>Les logos de la mairie de Portiragnes et son\u00a0\u00ab\u00a0blason\u00bb sont la propri\u00e9t\u00e9 de la municipalit\u00e9 de Portiragnes.<\/p><p>Toute reproduction ou modification ( totale ou partielle) d\u2019un de ces \u00e9l\u00e9ments graphiques sans autorisation pr\u00e9alable et \u00e9crite est interdite.<\/p><p><strong>Liens vers le site de la ville de Portiragnes<\/strong><\/p><p>La mairie de Portiragnes autorise tout site internet ou tout support \u00e0 le citer ou \u00e0 mettre en place un lien hypertexte en direction de son contenu \u00e0 l&rsquo;exception de ceux diffusant des contenus \u00e0 caract\u00e8re pol\u00e9mique, pornographique, x\u00e9nophobe, contraire \u00e0 la d\u00e9cence ou aux bonnes m\u0153urs.<\/p><p>L&rsquo;int\u00e9gralit\u00e9 de la page li\u00e9e doit \u00eatre respect\u00e9e, et aucune imbrication dans un autre site ne doit \u00eatre r\u00e9alis\u00e9e.<\/p><p>Le lien doit indiquer clairement la nature des contenus, ainsi que l&rsquo;adresse exacte de la page.<\/p><p>Toute utilisation de liens vers le site Canalissim\u00d4 \u00e0 des fins commerciales et publicitaires est interdite.<\/p><p>La mairie de Portiragnes se r\u00e9serve le droit de demander la suppression d&rsquo;un lien qu&rsquo;elle estime non conforme \u00e0 sa ligne \u00e9ditoriale.<\/p><p><strong>Etablissement de liens vers des sites tiers<\/strong><\/p><p>La mairie de Portiragnes n&rsquo;est pas responsable des contenus des sites tiers vers lesquels sont \u00e9tablis des liens depuis son site.<\/p><p><strong>Confidentialit\u00e9 et protection des donn\u00e9es personnelles<\/strong><\/p><p>Les informations collect\u00e9es par le biais du site Internet municipal Canalissim\u00d4 sont exclusivement destin\u00e9es \u00e0 la Mairie de Portiragnes. Aucune information personnelle n&rsquo;est collect\u00e9e \u00e0 votre insu. Aucune information personnelle n&rsquo;est c\u00e9d\u00e9e \u00e0 des tiers. Conform\u00e9ment aux dispositions contenues dans la loi n\u00b0 78-17 du 6 Janvier 1978 modifi\u00e9e relative \u00e0 l&rsquo;informatique, aux fichiers et aux libert\u00e9s, vous disposez d&rsquo;un droit d&rsquo;acc\u00e8s, de rectification, de modification et de suppression concernant les donn\u00e9es qui vous concernent.<\/p><p>Vous pouvez exercer ce droit en vous adressant \u00e0 :<\/p><p>Mairie de Portiragnes<br \/>14 Boulevard Fr\u00e9d\u00e9ric Mistral<br \/>34420 Portiragnes<\/p>\t\t\t\t\t\t\t\t<\/div>\n\t\t\t\t<\/div>\n\t\t\t\t\t<\/div>\n\t\t<\/div>\n\t\t\t\t\t<\/div>\n\t\t<\/section>\n\t\t\t\t<\/div>\n\t\t","protected":false},"excerpt":{"rendered":"<p>Site officiel Canalissim\u00d4 : www.canalissimo.fr Mairie de Portiragnes14 Boulevard Fr\u00e9d\u00e9ric Mistral34420 Portiragnes T\u00e9l : 0467909444Responsable de la publication : Gwendoline CHAUDOIR Maire de Portiragnes Responsable des mises en ligne\u00a0: Jean-Louis ROBERT d\u00e9l\u00e9gu\u00e9 communication Mairie Fabien Voglimaci Responsable communication Mairie Responsable [&hellip;]<\/p>\n","protected":false},"author":1,"featured_media":0,"parent":0,"menu_order":0,"comment_status":"closed","ping_status":"closed","template":"elementor_header_footer","meta":{"footnotes":""},"class_list":["post-1620","page","type-page","status-publish","hentry"],"_links":{"self":[{"href":"https:\/\/canalissimo.fr\/index.php\/wp-json\/wp\/v2\/pages\/1620","targetHints":{"allow":["GET"]}}],"collection":[{"href":"https:\/\/canalissimo.fr\/index.php\/wp-json\/wp\/v2\/pages"}],"about":[{"href":"https:\/\/canalissimo.fr\/index.php\/wp-json\/wp\/v2\/types\/page"}],"author":[{"embeddable":true,"href":"https:\/\/canalissimo.fr\/index.php\/wp-json\/wp\/v2\/users\/1"}],"replies":[{"embeddable":true,"href":"https:\/\/canalissimo.fr\/index.php\/wp-json\/wp\/v2\/comments?post=1620"}],"version-history":[{"count":13,"href":"https:\/\/canalissimo.fr\/index.php\/wp-json\/wp\/v2\/pages\/1620\/revisions"}],"predecessor-version":[{"id":2534,"href":"https:\/\/canalissimo.fr\/index.php\/wp-json\/wp\/v2\/pages\/1620\/revisions\/2534"}],"wp:attachment":[{"href":"https:\/\/canalissimo.fr\/index.php\/wp-json\/wp\/v2\/media?parent=1620"}],"curies":[{"name":"wp","href":"https:\/\/api.w.org\/{rel}","templated":true}]}}